{"id":9506,"date":"2016-03-31T13:40:34","date_gmt":"2016-03-31T12:40:34","guid":{"rendered":"http:\/\/aikur.eus\/es\/?page_id=9506"},"modified":"2016-12-21T09:33:49","modified_gmt":"2016-12-21T08:33:49","slug":"museo","status":"publish","type":"page","link":"https:\/\/aikur.eus\/es\/museo\/","title":{"rendered":"Museo"},"content":{"rendered":"<section class=\"wpb-content-wrapper\"><p>[vc_row full_width=&#8221;stretch_row&#8221; parallax=&#8221;content-moving&#8221; parallax_image=&#8221;8461&#8243; css=&#8221;.vc_custom_1459328981225{margin-top: -40px !important;}&#8221;][vc_column][vc_row_inner][vc_column_inner width=&#8221;1\/2&#8243;][vc_empty_space][vc_column_text]<span style=\"color: #ffffff;\">Aikur se ubica en un lugar privilegiado, rodeado de naturaleza, y aqu\u00ed podr\u00e1s saber c\u00f3mo es la maravillosa vida de las abejas. Te informaremos sobre su historia, sobre el origen y utilizaci\u00f3n de los productos que generan, y despu\u00e9s de habernos visitado, conocer\u00e1s todos los secretos de la apicultura.<\/span><\/p>\n<p><span style=\"color: #ffffff;\">El museo tiene dos plantas y en cada una de ellas tratamos varios temas.<\/span>[\/vc_column_text][vc_empty_space][vc_column_text]<\/p>\n<h2><span style=\"color: #ffffff;\"><span style=\"color: #e4c810;\">\u00b7 PLANTA BAJA<\/span><br \/>\n<\/span><\/h2>\n<p>[\/vc_column_text][vc_column_text]<span style=\"color: #ffffff;\">La hemos dividido en tres secciones tem\u00e1ticas.<\/span>[\/vc_column_text][\/vc_column_inner][vc_column_inner width=&#8221;1\/2&#8243;][vc_empty_space]<div class=\"sc-youtube sc-wrapbox sc-wrapbox-style-default rounded-corners sc-wrapbox-position-below\" style=\"width: 100%;height: 320px;\"><div class=\"sc-wrapbox-inner\"><iframe class=\"sc-wrapbox-element img-responsive\" width=\"100%\" height=\"320\" frameborder=\"0\" scrolling=\"no\" marginheight=\"0\" marginwidth=\"0\" src=\"\/\/www.youtube.com\/embed\/zCOlC2PiLKI?rel=0&amp;wmode=opaque\"><\/iframe><\/div><\/div>[\/vc_column_inner][\/vc_row_inner][vc_row_inner][vc_column_inner width=&#8221;1\/3&#8243;][vc_column_text]<img decoding=\"async\" loading=\"lazy\" class=\"aligncenter wp-image-9705\" src=\"http:\/\/aikur.eus\/wp-content\/uploads\/2016\/02\/lora-1.png\" alt=\"lora\" width=\"49\" height=\"80\" \/>[\/vc_column_text][vc_column_text]<\/p>\n<div class=\"title-h5\" style=\"text-align: center;\"><span style=\"color: #e4c810;\">APICULTURA Y POLINIZACI\u00d3N<\/span><\/div>\n<p>[\/vc_column_text][\/vc_column_inner][vc_column_inner width=&#8221;1\/3&#8243;][vc_column_text]<img decoding=\"async\" loading=\"lazy\" class=\"aligncenter wp-image-9711\" src=\"http:\/\/aikur.eus\/wp-content\/uploads\/2016\/02\/Lauburu.png\" alt=\"Lauburu\" width=\"80\" height=\"80\" srcset=\"https:\/\/aikur.eus\/wp-content\/uploads\/2016\/02\/Lauburu.png 201w, https:\/\/aikur.eus\/wp-content\/uploads\/2016\/02\/Lauburu-100x100.png 100w, https:\/\/aikur.eus\/wp-content\/uploads\/2016\/02\/Lauburu-150x150.png 150w, https:\/\/aikur.eus\/wp-content\/uploads\/2016\/02\/Lauburu-180x180.png 180w\" sizes=\"(max-width: 80px) 100vw, 80px\" \/>[\/vc_column_text][vc_column_text]<\/p>\n<div class=\"title-h5\" style=\"text-align: center;\"><span style=\"color: #e4c810;\">MITOLOG\u00cdA E HISTORIA<br \/>\n<\/span><\/div>\n<p>[\/vc_column_text][\/vc_column_inner][vc_column_inner width=&#8221;1\/3&#8243;][vc_column_text]<img decoding=\"async\" loading=\"lazy\" class=\"aligncenter wp-image-9736\" src=\"http:\/\/aikur.eus\/wp-content\/uploads\/2016\/02\/palo-post.png\" alt=\"palo post\" width=\"59\" height=\"80\" srcset=\"https:\/\/aikur.eus\/wp-content\/uploads\/2016\/02\/palo-post.png 715w, https:\/\/aikur.eus\/wp-content\/uploads\/2016\/02\/palo-post-600x817.png 600w, https:\/\/aikur.eus\/wp-content\/uploads\/2016\/02\/palo-post-220x300.png 220w\" sizes=\"(max-width: 59px) 100vw, 59px\" \/>[\/vc_column_text][vc_column_text]<\/p>\n<div class=\"title-h5\" style=\"text-align: center;\"><span style=\"color: #e4c810;\">PRODUCTOS AP\u00cdCOLAS<br \/>\n<\/span><\/div>\n<p>[\/vc_column_text][\/vc_column_inner][\/vc_row_inner][vc_row_inner][vc_column_inner][vc_column_text]<span style=\"color: #ffffff;\">Conocer\u00e1s las antiguas herramientas para la apicultura y las colmenas utilizadas en el pasado en Euskal Herria. Te informaremos, a su vez, sobre la importancia de las abejas a la hora de conservar el ecosistema, y sobre los productos ap\u00edcolas que recogemos de la colmena utilizando los m\u00e9todos actuales de la apicultura. Al final del recorrido podr\u00e1s degustar varios tipos de mieles.<\/span>[\/vc_column_text][\/vc_column_inner][\/vc_row_inner][vc_row_inner][vc_column_inner][vc_single_image image=&#8221;9923&#8243; img_size=&#8221;full&#8221; alignment=&#8221;center&#8221;][\/vc_column_inner][\/vc_row_inner][vc_row_inner][vc_column_inner][vc_column_text]<\/p>\n<h2><span style=\"color: #ffffff;\"><span style=\"color: #e4c810;\">\u00b7 PLANTA SUPERIOR<\/span><br \/>\n<\/span><\/h2>\n<p><span style=\"color: #ffffff;\">Se recoge, \u00edntegramente, la vida de las abejas, y la hemos dividido en dos \u00e1reas.<\/span><\/p>\n<p><span style=\"color: #ffffff;\">\u00a0<\/span>[\/vc_column_text][\/vc_column_inner][\/vc_row_inner][vc_row_inner][vc_column_inner width=&#8221;1\/2&#8243;][vc_column_text]<img decoding=\"async\" loading=\"lazy\" class=\"aligncenter wp-image-9721\" src=\"http:\/\/aikur.eus\/wp-content\/uploads\/2016\/02\/Erlea-bertatik-bertara.png\" alt=\"Erlea bertatik bertara\" width=\"91\" height=\"80\" srcset=\"https:\/\/aikur.eus\/wp-content\/uploads\/2016\/02\/Erlea-bertatik-bertara.png 355w, https:\/\/aikur.eus\/wp-content\/uploads\/2016\/02\/Erlea-bertatik-bertara-300x265.png 300w\" sizes=\"(max-width: 91px) 100vw, 91px\" \/>[\/vc_column_text][vc_column_text]<\/p>\n<div class=\"title-h5\" style=\"text-align: center;\"><span style=\"color: #e4c810;\">LAS ABEJAS DE CERCA<br \/>\n<\/span><\/div>\n<p>[\/vc_column_text][\/vc_column_inner][vc_column_inner width=&#8221;1\/2&#8243;][vc_column_text]<img decoding=\"async\" loading=\"lazy\" class=\"aligncenter wp-image-9743\" src=\"http:\/\/aikur.eus\/wp-content\/uploads\/2016\/02\/panala.png\" alt=\"panala\" width=\"79\" height=\"80\" srcset=\"https:\/\/aikur.eus\/wp-content\/uploads\/2016\/02\/panala.png 589w, https:\/\/aikur.eus\/wp-content\/uploads\/2016\/02\/panala-300x300.png 300w, https:\/\/aikur.eus\/wp-content\/uploads\/2016\/02\/panala-100x100.png 100w, https:\/\/aikur.eus\/wp-content\/uploads\/2016\/02\/panala-150x150.png 150w, https:\/\/aikur.eus\/wp-content\/uploads\/2016\/02\/panala-296x300.png 296w, https:\/\/aikur.eus\/wp-content\/uploads\/2016\/02\/panala-180x180.png 180w, https:\/\/aikur.eus\/wp-content\/uploads\/2016\/02\/panala-256x256.png 256w\" sizes=\"(max-width: 79px) 100vw, 79px\" \/>[\/vc_column_text][vc_column_text]<\/p>\n<div class=\"title-h5\" style=\"text-align: center;\"><span style=\"color: #e4c810;\">LA VIDA DE LAS ABEJAS<br \/>\n<\/span><\/div>\n<p>[\/vc_column_text][\/vc_column_inner][\/vc_row_inner][vc_row_inner][vc_column_inner][vc_column_text]<span style=\"color: #ffffff;\">Con la ayuda de las tecnolog\u00edas m\u00e1s modernas, podr\u00e1s profundizar en la manera en la que se organizan y en el complejo modo para comunicarse que tienen las abejas.<\/span><\/p>\n<p><span style=\"color: #ffffff;\">Para comprender la vida de las abejas, es necesario observarlas de cerca, y con ese objetivo hemos adecuado dos colmenas de cristal. Adem\u00e1s de descubrir el comportamiento de la abeja reina y de conocer c\u00f3mo se comunican entre ellas las abejas, en la colmena podr\u00e1s admirar el almacenamiento de la miel, el polen, la c\u00e1mara de cr\u00eda, etc.<\/span><\/p>\n<p><span style=\"color: #ffffff;\">Por otra parte, en una urna de cristal se pueden contemplar panales naturales construidos por las propias abejas, panales construidos sin seguir los patrones establecidos por los humanos. De este modo, podr\u00e1s estudiar, en vivo y en directo, la espectacular vida de estos insectos.<\/span>[\/vc_column_text][vc_single_image image=&#8221;9925&#8243; img_size=&#8221;full&#8221; alignment=&#8221;center&#8221;][\/vc_column_inner][\/vc_row_inner][\/vc_column][\/vc_row][vc_row full_width=&#8221;stretch_row&#8221; content_placement=&#8221;middle&#8221; parallax=&#8221;content-moving&#8221; parallax_image=&#8221;8467&#8243;][vc_column][vc_column_text]<\/p>\n<div class=\"title-h2\" style=\"text-align: center;\"><strong>HORARIO<\/strong><\/div>\n<p>[\/vc_column_text][vc_separator color=&#8221;black&#8221; border_width=&#8221;8&#8243;][vc_row_inner][vc_column_inner width=&#8221;1\/2&#8243;][vc_single_image image=&#8221;8372&#8243; img_size=&#8221;medium&#8221; alignment=&#8221;center&#8221;][\/vc_column_inner][vc_column_inner width=&#8221;1\/2&#8243;][vc_empty_space height=&#8221;16px&#8221;]<\/p>\n<div class=\"sc-table rounded-corners sc-table-responsive shadow-box sc-table-style-2 row-headers\">\n<table style=\"width: 100%;\">\n<thead>\n<tr>\n<th><span style=\"color: #3d2000;\">VISITAS GUIADAS<br \/>\n<\/span><\/th>\n<th><span style=\"color: #3d2000;\">1\u00aa VISITA<\/span><\/th>\n<th><span style=\"color: #3d2000;\">2\u00aa VISITA<\/span><\/th>\n<\/tr>\n<\/thead>\n<tbody>\n<tr>\n<td style=\"text-align: center;\"><span style=\"color: #3d2000;\"><b>SABADOS<\/b><\/span><\/td>\n<td style=\"text-align: center;\"><span style=\"color: #e4c810;\"><strong>11:00<\/strong><\/span><\/td>\n<td style=\"text-align: center;\"><span style=\"color: #e4c810;\"><strong>12:30<\/strong><\/span><\/td>\n<\/tr>\n<tr>\n<td style=\"text-align: center;\"><span style=\"color: #3d2000;\"><strong>DOMINGOS<\/strong><\/span><\/td>\n<td style=\"text-align: center;\"><span style=\"color: #e4c810;\"><strong>11:00<\/strong><\/span><\/td>\n<td style=\"text-align: center;\"><span style=\"color: #e4c810;\"><strong>12:30<\/strong><\/span><\/td>\n<\/tr>\n<tr>\n<td style=\"text-align: center;\"><span style=\"color: #3d2000;\"><b>FESTIVOS<\/b><\/span><\/td>\n<td style=\"text-align: center;\"><span style=\"color: #e4c810;\"><strong>11:00<\/strong><\/span><\/td>\n<td style=\"text-align: center;\"><span style=\"color: #e4c810;\"><strong>12:30<\/strong><\/span><\/td>\n<\/tr>\n<\/tbody>\n<\/table>\n<\/div>\n<p>[\/vc_column_inner][\/vc_row_inner][vc_row_inner][vc_column_inner][vc_column_text]<\/p>\n<div class=\"title-h3\" style=\"text-align: center;\"><span style=\"color: #000000;\"><strong>CONCERTA LA RESERVA AQU\u00cd<br \/>\n<\/strong><\/span><\/div>\n<p>[\/vc_column_text][vc_separator color=&#8221;black&#8221; border_width=&#8221;4&#8243;][\/vc_column_inner][\/vc_row_inner][vc_row_inner][vc_column_inner width=&#8221;1\/3&#8243; css=&#8221;.vc_custom_1461591979762{background-color: #f4f4f4 !important;}&#8221;]\n<div class=\"wpcf7 no-js\" id=\"wpcf7-f9900-o1\" lang=\"eu\" dir=\"ltr\">\n<div class=\"screen-reader-response\"><p role=\"status\" aria-live=\"polite\" aria-atomic=\"true\"><\/p> <ul><\/ul><\/div>\n<form action=\"\/es\/wp-json\/wp\/v2\/pages\/9506#wpcf7-f9900-o1\" method=\"post\" class=\"wpcf7-form init\" aria-label=\"Contact form\" novalidate=\"novalidate\" data-status=\"init\">\n<div style=\"display: none;\">\n<input type=\"hidden\" name=\"_wpcf7\" value=\"9900\" \/>\n<input type=\"hidden\" name=\"_wpcf7_version\" value=\"5.7.4\" \/>\n<input type=\"hidden\" name=\"_wpcf7_locale\" value=\"eu\" \/>\n<input type=\"hidden\" name=\"_wpcf7_unit_tag\" value=\"wpcf7-f9900-o1\" \/>\n<input type=\"hidden\" name=\"_wpcf7_container_post\" value=\"0\" \/>\n<input type=\"hidden\" name=\"_wpcf7_posted_data_hash\" value=\"\" \/>\n<\/div>\n<p>Nombre (obligatorio)\n<\/p>\n<p><span class=\"wpcf7-form-control-wrap\" data-name=\"your-name\"><input size=\"40\" class=\"wpcf7-form-control wpcf7-text wpcf7-validates-as-required\" aria-required=\"true\" aria-invalid=\"false\" value=\"\" type=\"text\" name=\"your-name\" \/><\/span>\n<\/p>\n<p>E-mail (obligatorio)\n<\/p>\n<p><span class=\"wpcf7-form-control-wrap\" data-name=\"your-email\"><input size=\"40\" class=\"wpcf7-form-control wpcf7-text wpcf7-email wpcf7-validates-as-required wpcf7-validates-as-email\" aria-required=\"true\" aria-invalid=\"false\" value=\"\" type=\"email\" name=\"your-email\" \/><\/span>\n<\/p>\n<p>Asunto\n<\/p>\n<p><span class=\"wpcf7-form-control-wrap\" data-name=\"your-subject\"><input size=\"40\" class=\"wpcf7-form-control wpcf7-text\" aria-invalid=\"false\" value=\"\" type=\"text\" name=\"your-subject\" \/><\/span>\n<\/p>\n<p>Texto\n<\/p>\n<p><span class=\"wpcf7-form-control-wrap\" data-name=\"your-message\"><textarea cols=\"40\" rows=\"10\" class=\"wpcf7-form-control wpcf7-textarea\" aria-invalid=\"false\" name=\"your-message\"><\/textarea><\/span>\n<\/p>\n<p>[anr_nocaptcha g-recaptcha-response]\n<\/p>\n<p><input class=\"wpcf7-form-control has-spinner wpcf7-submit\" type=\"submit\" value=\"Enviar\" \/>\n<\/p><input\n                    class=\"apbct_special_field apbct_email_id__wp_contact_form_7\"\n                    name=\"apbct__email_id__wp_contact_form_7\"\n                    aria-label=\"apbct__label_id__wp_contact_form_7\"\n                    type=\"text\" size=\"30\" maxlength=\"200\" autocomplete=\"off\"\n                    value=\"\"\n                \/><p style=\"display: none !important;\" class=\"akismet-fields-container\" data-prefix=\"_wpcf7_ak_\"><label>&#916;<textarea name=\"_wpcf7_ak_hp_textarea\" cols=\"45\" rows=\"8\" maxlength=\"100\"><\/textarea><\/label><input type=\"hidden\" id=\"ak_js_1\" name=\"_wpcf7_ak_js\" value=\"186\"\/><script>document.getElementById( \"ak_js_1\" ).setAttribute( \"value\", ( new Date() ).getTime() );<\/script><\/p><div class=\"wpcf7-response-output\" aria-hidden=\"true\"><\/div>\n<\/form>\n<\/div>\n[\/vc_column_inner][vc_column_inner width=&#8221;2\/3&#8243;][vc_empty_space height=&#8221;80px&#8221;][vc_column_text]<\/p>\n<div class=\"title-h2 title-h4\" style=\"text-align: left;\"><strong>\u00b7 EN TODAS LA VISITAS SE REALIZAR\u00c1 LA RESERVA DE ANTEMANO<\/strong><\/div>\n<p>&nbsp;<\/p>\n<div class=\"title-h2 title-h4\" style=\"text-align: left;\"><strong>\u00b7 ENTRE SEMANA SOLO GRUPOS<\/strong><\/div>\n<p>&nbsp;<\/p>\n<div class=\"title-h2 title-h4\" style=\"text-align: left;\"><strong>\u00b7VISITAS ESPECIALES + TALLERES. <a href=\"http:\/\/www.natureskolabizia.com\/es\/caserios\/1\/\" target=\"_blank\">M\u00c1S INFORMACI\u00d3N AQU\u00cd<\/a> (NATUR ESKOLA BIZIA)<br \/>\n<\/strong><\/div>\n<p>[\/vc_column_text][\/vc_column_inner][\/vc_row_inner][vc_empty_space height=&#8221;50px&#8221;][\/vc_column][\/vc_row]<\/p>\n<\/section>","protected":false},"excerpt":{"rendered":"<p>[vc_row full_width=&#8221;stretch_row&#8221; parallax=&#8221;content-moving&#8221; parallax_image=&#8221;8461&#8243; css=&#8221;.vc_custom_1459328981225{margin-top:&#8230;<\/p>\n","protected":false},"author":1,"featured_media":0,"parent":0,"menu_order":0,"comment_status":"closed","ping_status":"closed","template":"","meta":[],"_links":{"self":[{"href":"https:\/\/aikur.eus\/es\/wp-json\/wp\/v2\/pages\/9506"}],"collection":[{"href":"https:\/\/aikur.eus\/es\/wp-json\/wp\/v2\/pages"}],"about":[{"href":"https:\/\/aikur.eus\/es\/wp-json\/wp\/v2\/types\/page"}],"author":[{"embeddable":true,"href":"https:\/\/aikur.eus\/es\/wp-json\/wp\/v2\/users\/1"}],"replies":[{"embeddable":true,"href":"https:\/\/aikur.eus\/es\/wp-json\/wp\/v2\/comments?post=9506"}],"version-history":[{"count":0,"href":"https:\/\/aikur.eus\/es\/wp-json\/wp\/v2\/pages\/9506\/revisions"}],"wp:attachment":[{"href":"https:\/\/aikur.eus\/es\/wp-json\/wp\/v2\/media?parent=9506"}],"curies":[{"name":"wp","href":"https:\/\/api.w.org\/{rel}","templated":true}]}}