{"id":9622,"date":"2016-04-04T12:31:07","date_gmt":"2016-04-04T11:31:07","guid":{"rendered":"http:\/\/aikur.eus\/es\/?page_id=9622"},"modified":"2023-02-22T06:59:37","modified_gmt":"2023-02-22T05:59:37","slug":"portada","status":"publish","type":"page","link":"https:\/\/aikur.eus\/es\/","title":{"rendered":"Portada"},"content":{"rendered":"<section class=\"wpb-content-wrapper\"><p>[vc_row full_width=&#8221;stretch_row_content_no_spaces&#8221; css=&#8221;.vc_custom_1455031877148{margin-top: -90px !important;}&#8221;][vc_column][rev_slider_vc alias=&#8221;LOREAK&#8221;][vc_row_inner][vc_column_inner offset=&#8221;vc_hidden-lg vc_hidden-md vc_hidden-sm vc_hidden-xs&#8221;]<div class=\"sc-button-with-separator\"><div class=\"sc-button-sep-holder\"><div class=\"sc-button-separator sc-button-separator-double\" style=\"border-color: #e4c810;\"><\/div><\/div><div class=\"sc-button-sep-button\"><div class=\"centered-box\"><div class=\"lazy-loading\"><a class=\"sc-button lazy-loading-item\" data-ll-effect=\"drop-right-without-wrap\" href=\"http:\/\/aikur.eus\/es\/erlezantza-eta-gure-produktuak\/\" target=\"_blank\" style=\"color: #020202;background-color: #e4c810;\">nuestros productos<\/a><\/div><\/div><\/div><div class=\"sc-button-sep-holder\"><div class=\"sc-button-separator sc-button-separator-double\" style=\"border-color: #e4c810;\"><\/div><\/div><\/div>[\/vc_column_inner][\/vc_row_inner][\/vc_column][\/vc_row][vc_row full_width=&#8221;stretch_row&#8221; equal_height=&#8221;yes&#8221; content_placement=&#8221;middle&#8221; parallax=&#8221;content-moving-fade&#8221; parallax_image=&#8221;8359&#8243; css=&#8221;.vc_custom_1456825180604{background-color: #ffffff !important;}&#8221;][vc_column offset=&#8221;vc_hidden-lg vc_hidden-md vc_hidden-sm vc_hidden-xs&#8221;][vc_column_text]<\/p>\n<h2 class=\"title-h2\" style=\"text-align: center;\"><span style=\"color: #ffffff;\"><strong>\u00bfQUI\u00c9NES SOMOS?<\/strong><\/span><\/h2>\n<p>[\/vc_column_text][vc_separator color=&#8221;white&#8221; border_width=&#8221;8&#8243;][vc_row_inner][vc_column_inner]<div class=\"sc-youtube sc-wrapbox sc-wrapbox-style-1 rounded-corners shadow-box sc-wrapbox-position-right\" style=\"width: 560px;height: 320px;\"><div class=\"sc-wrapbox-inner\"><iframe class=\"sc-wrapbox-element img-responsive\" width=\"560px\" height=\"320\" frameborder=\"0\" scrolling=\"no\" marginheight=\"0\" marginwidth=\"0\" src=\"\/\/www.youtube.com\/embed\/4DoUyyYWo70?rel=0&amp;wmode=opaque\"><\/iframe><\/div><\/div>[vc_column_text]<span style=\"color: #ffffff;\">El centro de apicultura Aikur abri\u00f3 sus puertas en 1995, y en \u00e9l, adem\u00e1s de trabajar con las abejas y comercializar productos, divulgamos, asimismo, la vida de las abejas.<\/span><\/p>\n<p><span style=\"color: #ffffff;\">Gracias a la ayuda de la Fundaci\u00f3n Lenbur, Aikur tambi\u00e9n es un museo desde el 2007. Un espacio en el que se cuenta c\u00f3mo es la vida de las abejas, qu\u00e9 productos generan, su importancia en el ecosistema&#8230; Es, en fin, el museo especializado en abejas m\u00e1s importante de Euskal Herria.<\/span><\/p>\n<p><span style=\"color: #ffffff;\">Conjugamos tradici\u00f3n y modernidad en los 280 metros cuadrados que tiene el lugar. Por un lado, hemos reunido antiguas herramientas y colmenas, y paneles luminosos y pantallas t\u00e1ctiles por el otro . Despu\u00e9s de darte un paseo por el museo, sabr\u00e1s todo lo que ten\u00edas que saber sobre la apicultura.<\/span><\/p>\n<p><span style=\"color: #ffffff;\">Adem\u00e1s de trabajar el aspecto divulgativo, ofrecemos productos extra\u00eddos directamente de la colmena. Todos ellos cuentan, por supuesto, con la garant\u00eda de los sellos de calidad. Nuestro principal producto, c\u00f3mo no, es la miel, pero tambi\u00e9n ofrecemos prop\u00f3leo, velas, cera, polen, pomadas&#8230; Los podr\u00e1s obtener en Aikur o <em><a style=\"color: #ffffff;\" href=\"\/?page_id=9497\" target=\"_blank\" rel=\"noopener noreferrer\">mediante esta pagina web.<\/a><\/em><\/span>[\/vc_column_text][\/vc_column_inner][\/vc_row_inner][\/vc_column][\/vc_row][vc_row full_width=&#8221;stretch_row&#8221; equal_height=&#8221;yes&#8221; content_placement=&#8221;middle&#8221; parallax=&#8221;content-moving&#8221; parallax_image=&#8221;8478&#8243; css=&#8221;.vc_custom_1459769201628{background-color: #ffffff !important;}&#8221;][vc_column css=&#8221;.vc_custom_1587550862671{background-position: center !important;background-repeat: no-repeat !important;background-size: cover !important;}&#8221; offset=&#8221;vc_col-xs-12&#8243;][vc_column_text]<\/p>\n<h2 class=\"title-h2\" style=\"text-align: center;\"><strong><span style=\"color: #a1931b;\"><span style=\"color: #000000;\">NUESTROS PRODUCTOS<\/span><br \/>\n<\/span><\/strong><\/h2>\n<p>[\/vc_column_text][vc_separator color=&#8221;black&#8221; border_width=&#8221;8&#8243;]<div class=\"woocommerce columns-4 \"><\/div>[vc_empty_space][\/vc_column][\/vc_row][vc_row full_width=&#8221;stretch_row&#8221; full_height=&#8221;yes&#8221; equal_height=&#8221;yes&#8221; parallax=&#8221;content-moving&#8221; parallax_image=&#8221;8453&#8243; css=&#8221;.vc_custom_1459327264020{margin-top: 0px !important;}&#8221;][vc_column][vc_column_text]<\/p>\n<h2 class=\"title-h2\" style=\"text-align: center;\"><strong><span style=\"color: #a1931b;\"><span style=\"color: #000000;\">CONTACTA CON NOSOTROS<\/span><br \/>\n<\/span><\/strong><\/h2>\n<p>[\/vc_column_text][vc_separator color=&#8221;custom&#8221; border_width=&#8221;8&#8243; accent_color=&#8221;#000000&#8243;][\/vc_column][vc_column width=&#8221;1\/3&#8243;]<div class=\"sc-icon-with-text sc-icon-with-text-icon-size-big centered-box\"><div class=\"sc-icon-with-text-icon\"><div class=\"sc-icon sc-icon-size-big angle-90deg sc-icon-shape-circle sc-simple-icon\" style=\"\"><span class=\"sc-icon-half-1\" style=\"color: #e4c810;\"><span class=\"back-angle\">&#xe610;<\/span><\/span><span class=\"sc-icon-half-2\" style=\"color: #e4c810;\"><span class=\"back-angle\">&#xe610;<\/span><\/span><\/div><\/div><div class=\"sc-icon-with-text-content\"><div class=\"sc-icon-with-text-text\">[vc_column_text]<\/p>\n<div class=\"title-h5\" style=\"text-align: center;\"><span style=\"color: #a1931b;\"><span style=\"color: #000000;\">Santa Barbara s\/n 20700 Urretxu (Gipuzkoa)<\/span><br \/>\n<\/span><\/div>\n<p>[\/vc_column_text]<\/div><\/div><div class=\"clearboth\"><\/div><\/div>[\/vc_column][vc_column width=&#8221;1\/3&#8243;]<div class=\"sc-icon-with-text sc-icon-with-text-icon-size-big centered-box\"><div class=\"sc-icon-with-text-icon\"><div class=\"sc-icon sc-icon-size-big angle-90deg sc-icon-shape-circle sc-simple-icon\" style=\"\"><span class=\"sc-icon-half-1\" style=\"color: #e4c810;\"><span class=\"back-angle\">&#xe699;<\/span><\/span><span class=\"sc-icon-half-2\" style=\"color: #e4c810;\"><span class=\"back-angle\">&#xe699;<\/span><\/span><\/div><\/div><div class=\"sc-icon-with-text-content\"><div class=\"sc-icon-with-text-text\">[vc_row_inner][vc_column_inner][vc_column_text]<\/p>\n<div class=\"title-h5\" style=\"text-align: center;\">609 15 61 82 (Productos)<\/div>\n<p>[\/vc_column_text][vc_btn title=&#8221;LLAMA A TIENDA&#8221; style=&#8221;outline&#8221; shape=&#8221;round&#8221; color=&#8221;black&#8221; size=&#8221;lg&#8221; align=&#8221;center&#8221; link=&#8221;url:tel%3A609156182||&#8221;][\/vc_column_inner][\/vc_row_inner]<\/div><\/div><div class=\"clearboth\"><\/div><\/div>[\/vc_column][vc_column width=&#8221;1\/3&#8243;]<div class=\"sc-icon-with-text sc-icon-with-text-icon-size-big centered-box\"><div class=\"sc-icon-with-text-icon\"><div class=\"sc-icon sc-icon-size-big angle-45deg-l sc-icon-shape-circle sc-simple-icon\" style=\"\"><span class=\"sc-icon-half-1\" style=\"color: #e4c810;\"><span class=\"back-angle\">&#xe620;<\/span><\/span><span class=\"sc-icon-half-2\" style=\"color: #e4c810;\"><span class=\"back-angle\">&#xe620;<\/span><\/span><\/div><\/div><div class=\"sc-icon-with-text-content\"><div class=\"sc-icon-with-text-text\">[vc_column_text]<\/p>\n<div class=\"title-h5\" style=\"text-align: center;\"><span style=\"color: #000000;\"><a style=\"color: #000000;\" href=\"mailto:aikur@aikur.eus\" target=\"_blank\" rel=\"noopener noreferrer\">aikur@aikur.eus<\/a><\/span><\/div>\n<p>[\/vc_column_text]<\/div><\/div><div class=\"clearboth\"><\/div><\/div>[\/vc_column][vc_column][vc_empty_space height=&#8221;40px&#8221;][vc_column_text]<\/p>\n<div class=\"title-h4\" style=\"text-align: center;\"><strong><span style=\"color: #000000;\">Encuentranos en el mapa<\/span><br \/>\n<\/strong><\/div>\n<div class=\"title-h4\" style=\"text-align: center;\">\n<hr \/>\n<\/div>\n<p>[\/vc_column_text]<div class=\"sc-map-with-text rounded-corners\"><div class=\"sc-map-with-text-content\" style=\"background-color: #ffffff;\"><\/div><div class=\"sc-map-with-text-map\">[vc_gmaps link=\"#E-8_JTNDaWZyYW1lJTIwc3JjJTNEJTIyaHR0cHMlM0ElMkYlMkZ3d3cuZ29vZ2xlLmNvbSUyRm1hcHMlMkZlbWJlZCUzRnBiJTNEJTIxMW0xOCUyMTFtMTIlMjExbTMlMjExZDI5MTMuNDg4ODI4MDg2MjkyNCUyMTJkLTIuMzMwOTMwNjg0NTIwMjgyJTIxM2Q0My4wOTQyNDA5NzkxNDQ0MSUyMTJtMyUyMTFmMCUyMTJmMCUyMTNmMCUyMTNtMiUyMTFpMTAyNCUyMTJpNzY4JTIxNGYxMy4xJTIxM20zJTIxMW0yJTIxMXMweGQ1MDJkYjhlZDI5MTllNSUyNTNBMHg3ZGFhZTA1YWE3MDYyYjc0JTIxMnNBaWt1ciUyNTIwRXJsZSUyNTIwTXVzZW9hJTIxNWUwJTIxM20yJTIxMXNldSUyMTJzZXMlMjE0djE2MTExNDA0MDM4NjclMjE1bTIlMjExc2V1JTIxMnNlcyUyMiUyMHdpZHRoJTNEJTIyNjAwJTIyJTIwaGVpZ2h0JTNEJTIyNDUwJTIyJTIwZnJhbWVib3JkZXIlM0QlMjIwJTIyJTIwc3R5bGUlM0QlMjJib3JkZXIlM0EwJTNCJTIyJTIwYWxsb3dmdWxsc2NyZWVuJTNEJTIyJTIyJTIwYXJpYS1oaWRkZW4lM0QlMjJmYWxzZSUyMiUyMHRhYmluZGV4JTNEJTIyMCUyMiUzRSUzQyUyRmlmcmFtZSUzRQ==\" size=\"546\" disable_scroll=\"\"]<\/div><\/div>[vc_empty_space height=&#8221;50px&#8221;][vc_column_text]<\/p>\n<div class=\"title-h4\" style=\"text-align: center;\"><strong><strong><span style=\"color: #000000;\">Contactos de<\/span><\/strong><\/strong> <strong>inter\u00e9s<\/strong><\/div>\n<div class=\"title-h4\" style=\"text-align: center;\">\n<hr \/>\n<\/div>\n<p>[\/vc_column_text][vc_row_inner][vc_column_inner width=&#8221;1\/6&#8243;][vc_single_image image=&#8221;10033&#8243; img_size=&#8221;medium&#8221; alignment=&#8221;center&#8221; style=&#8221;vc_box_border&#8221; onclick=&#8221;custom_link&#8221; img_link_target=&#8221;_blank&#8221; link=&#8221;http:\/\/www.urolagaraia.com\/&#8221;][vc_column_text]<\/p>\n<p style=\"text-align: center;\"><span style=\"color: #000000;\"><a style=\"color: #000000;\" href=\"http:\/\/www.urolagaraia.com\" target=\"_blank\" rel=\"noopener noreferrer\">Oficina de Turismo Urola Garaia<\/a><\/span><\/p>\n<p>[\/vc_column_text][\/vc_column_inner][vc_column_inner width=&#8221;1\/6&#8243;][vc_single_image image=&#8221;10037&#8243; img_size=&#8221;medium&#8221; alignment=&#8221;center&#8221; style=&#8221;vc_box_border&#8221; onclick=&#8221;custom_link&#8221; img_link_target=&#8221;_blank&#8221; link=&#8221;http:\/\/lenbur.com\/&#8221;][vc_column_text]<\/p>\n<p style=\"text-align: center;\"><span style=\"color: #000000;\"><a style=\"color: #000000;\" href=\"http:\/\/lenbur.com\/\" target=\"_blank\" rel=\"noopener noreferrer\">Oficina de Turismo Mirandaola<\/a><\/span><\/p>\n<p>[\/vc_column_text][\/vc_column_inner][vc_column_inner width=&#8221;1\/6&#8243;][vc_single_image image=&#8221;10031&#8243; img_size=&#8221;medium&#8221; alignment=&#8221;center&#8221; style=&#8221;vc_box_border&#8221; onclick=&#8221;custom_link&#8221; img_link_target=&#8221;_blank&#8221; link=&#8221;http:\/\/www.igartubeitibaserria.eus\/eu&#8221;][vc_column_text]<\/p>\n<p style=\"text-align: center;\"><span style=\"color: #000000;\"><a style=\"color: #000000;\" href=\"http:\/\/www.igartubeitibaserria.eus\/eu\" target=\"_blank\" rel=\"noopener noreferrer\">Caser\u00edo museo Igartubeiti<\/a><\/span><\/p>\n<p>[\/vc_column_text][\/vc_column_inner][vc_column_inner width=&#8221;1\/6&#8243;][vc_single_image image=&#8221;10035&#8243; img_size=&#8221;medium&#8221; alignment=&#8221;center&#8221; style=&#8221;vc_box_border&#8221; onclick=&#8221;custom_link&#8221; img_link_target=&#8221;_blank&#8221; link=&#8221;http:\/\/www.gipuzkoakomuseoak.net\/&#8221;][vc_column_text]<\/p>\n<p style=\"text-align: center;\"><span style=\"color: #000000;\"><a style=\"color: #000000;\" href=\"http:\/\/www.gipuzkoakomuseoak.net\/\" target=\"_blank\" rel=\"noopener noreferrer\">Museos de Gipuzkoa<\/a><\/span><\/p>\n<p>[\/vc_column_text][\/vc_column_inner][vc_column_inner width=&#8221;1\/6&#8243;][vc_single_image image=&#8221;10039&#8243; img_size=&#8221;medium&#8221; alignment=&#8221;center&#8221; style=&#8221;vc_box_border&#8221; onclick=&#8221;custom_link&#8221; img_link_target=&#8221;_blank&#8221; link=&#8221;http:\/\/www.natureskolabizia.com\/eu\/&#8221;][vc_column_text]<\/p>\n<p style=\"text-align: center;\"><span style=\"color: #000000;\"><a style=\"color: #000000;\" href=\"http:\/\/www.natureskolabizia.com\/eu\/\" target=\"_blank\" rel=\"noopener noreferrer\">Natur eskola bizia<\/a><\/span><\/p>\n<p>[\/vc_column_text][\/vc_column_inner][vc_column_inner width=&#8221;1\/6&#8243;][vc_single_image image=&#8221;10043&#8243; img_size=&#8221;medium&#8221; alignment=&#8221;center&#8221; style=&#8221;vc_box_border&#8221; onclick=&#8221;custom_link&#8221; img_link_target=&#8221;_blank&#8221; link=&#8221;http:\/\/www.urretxu.eus\/&#8221;][vc_column_text]<\/p>\n<p style=\"text-align: center;\"><span style=\"color: #000000;\"><a style=\"color: #000000;\" href=\"http:\/\/www.urretxu.eus\/\" target=\"_blank\" rel=\"noopener noreferrer\">Ayuntamiento de Urretxu<\/a><\/span><\/p>\n<p>[\/vc_column_text][\/vc_column_inner][\/vc_row_inner][\/vc_column][\/vc_row][vc_row][vc_column][vc_separator border_width=&#8221;4&#8243;][vc_column_text]<\/p>\n<p style=\"text-align: center;\"><span style=\"color: #000000;\">2016 | <a style=\"color: #000000;\" href=\"http:\/\/gattiken.eus\/es\/\" target=\"_blank\" rel=\"noopener noreferrer\">Gattiken<\/a> | <a style=\"color: #000000;\" href=\"\/?page_id=10100\" target=\"_blank\" rel=\"noopener noreferrer\">Aviso Legal y Pol\u00edtica de privacidad<\/a> | <a style=\"color: #000000;\" href=\"\/?page_id=10097\" target=\"_blank\" rel=\"noopener noreferrer\">Ley de Cookies<\/a><\/span><\/p>\n<p>[\/vc_column_text][\/vc_column][\/vc_row]<\/p>\n<\/section>","protected":false},"excerpt":{"rendered":"<p>[vc_row full_width=&#8221;stretch_row_content_no_spaces&#8221; css=&#8221;.vc_custom_1455031877148{margin-top: -90px !important;}&#8221;][vc_column][rev_slider_vc&#8230;<\/p>\n","protected":false},"author":1,"featured_media":0,"parent":0,"menu_order":0,"comment_status":"closed","ping_status":"closed","template":"","meta":[],"_links":{"self":[{"href":"https:\/\/aikur.eus\/es\/wp-json\/wp\/v2\/pages\/9622"}],"collection":[{"href":"https:\/\/aikur.eus\/es\/wp-json\/wp\/v2\/pages"}],"about":[{"href":"https:\/\/aikur.eus\/es\/wp-json\/wp\/v2\/types\/page"}],"author":[{"embeddable":true,"href":"https:\/\/aikur.eus\/es\/wp-json\/wp\/v2\/users\/1"}],"replies":[{"embeddable":true,"href":"https:\/\/aikur.eus\/es\/wp-json\/wp\/v2\/comments?post=9622"}],"version-history":[{"count":2,"href":"https:\/\/aikur.eus\/es\/wp-json\/wp\/v2\/pages\/9622\/revisions"}],"predecessor-version":[{"id":10881,"href":"https:\/\/aikur.eus\/es\/wp-json\/wp\/v2\/pages\/9622\/revisions\/10881"}],"wp:attachment":[{"href":"https:\/\/aikur.eus\/es\/wp-json\/wp\/v2\/media?parent=9622"}],"curies":[{"name":"wp","href":"https:\/\/api.w.org\/{rel}","templated":true}]}}