{"id":9525,"date":"2015-12-24T12:22:32","date_gmt":"2016-02-24T11:22:32","guid":{"rendered":"http:\/\/aikur.eus\/es\/product\/nucleos\/"},"modified":"2021-03-16T10:58:00","modified_gmt":"2021-03-16T09:58:00","slug":"nucleos","status":"publish","type":"product","link":"https:\/\/aikur.eus\/es\/produktua\/nucleos\/","title":{"rendered":"N\u00facleos <br\/> <br\/>"},"content":{"rendered":"<p>N\u00facleos formados por 3 cuadros de cr\u00eda y 2 cuadros de miel y polen con reina del a\u00f1o. No se hacen env\u00edos. Si estas interesado en pedir n\u00facleos llama al siguiente numero 609156182<\/p>\n","protected":false},"excerpt":{"rendered":"<p>N\u00facleos formados por 3 cuadros&#8230;<\/p>\n","protected":false},"featured_media":9974,"template":"","meta":[],"product_cat":[45],"product_tag":[],"_links":{"self":[{"href":"https:\/\/aikur.eus\/es\/wp-json\/wp\/v2\/product\/9525"}],"collection":[{"href":"https:\/\/aikur.eus\/es\/wp-json\/wp\/v2\/product"}],"about":[{"href":"https:\/\/aikur.eus\/es\/wp-json\/wp\/v2\/types\/product"}],"wp:featuredmedia":[{"embeddable":true,"href":"https:\/\/aikur.eus\/es\/wp-json\/wp\/v2\/media\/9974"}],"wp:attachment":[{"href":"https:\/\/aikur.eus\/es\/wp-json\/wp\/v2\/media?parent=9525"}],"wp:term":[{"taxonomy":"product_cat","embeddable":true,"href":"https:\/\/aikur.eus\/es\/wp-json\/wp\/v2\/product_cat?post=9525"},{"taxonomy":"product_tag","embeddable":true,"href":"https:\/\/aikur.eus\/es\/wp-json\/wp\/v2\/product_tag?post=9525"}],"curies":[{"name":"wp","href":"https:\/\/api.w.org\/{rel}","templated":true}]}}