{"id":9544,"date":"2016-02-12T13:57:47","date_gmt":"2016-02-12T12:57:47","guid":{"rendered":"http:\/\/aikur.eus\/es\/product\/cera\/"},"modified":"2020-03-17T12:48:55","modified_gmt":"2020-03-17T11:48:55","slug":"cera","status":"publish","type":"product","link":"https:\/\/aikur.eus\/es\/produktua\/cera\/","title":{"rendered":"Cera <br\/> <br\/>"},"content":{"rendered":"<p>CERA (ecol\u00f3gica). Cera ecol\u00f3gica de op\u00e9rculo en molde. Peso: 100 gr<\/p>\n","protected":false},"excerpt":{"rendered":"<p>CERA (ecol\u00f3gica). Cera ecol\u00f3gica de&#8230;<\/p>\n","protected":false},"featured_media":9467,"template":"","meta":[],"product_cat":[42],"product_tag":[],"_links":{"self":[{"href":"https:\/\/aikur.eus\/es\/wp-json\/wp\/v2\/product\/9544"}],"collection":[{"href":"https:\/\/aikur.eus\/es\/wp-json\/wp\/v2\/product"}],"about":[{"href":"https:\/\/aikur.eus\/es\/wp-json\/wp\/v2\/types\/product"}],"wp:featuredmedia":[{"embeddable":true,"href":"https:\/\/aikur.eus\/es\/wp-json\/wp\/v2\/media\/9467"}],"wp:attachment":[{"href":"https:\/\/aikur.eus\/es\/wp-json\/wp\/v2\/media?parent=9544"}],"wp:term":[{"taxonomy":"product_cat","embeddable":true,"href":"https:\/\/aikur.eus\/es\/wp-json\/wp\/v2\/product_cat?post=9544"},{"taxonomy":"product_tag","embeddable":true,"href":"https:\/\/aikur.eus\/es\/wp-json\/wp\/v2\/product_tag?post=9544"}],"curies":[{"name":"wp","href":"https:\/\/api.w.org\/{rel}","templated":true}]}}